{"id":353,"date":"2017-03-03T16:00:05","date_gmt":"2017-03-03T15:00:05","guid":{"rendered":"https:\/\/www.jeanboucton.com\/fr\/?post_type=product&#038;p=353"},"modified":"2023-04-18T17:52:40","modified_gmt":"2023-04-18T15:52:40","slug":"ratafia-de-champagne","status":"publish","type":"product","link":"https:\/\/www.jeanboucton.com\/fr\/boutique\/ratafia-de-champagne\/","title":{"rendered":"Ratafia de Champagne"},"content":{"rendered":"<section class=\"wpb-content-wrapper\"><p>[vc_row][vc_column][vc_column_text]<\/p>\n<div>Lors de son vieillissement, notre Ratafia de Champagne acquiert son go\u00fbt sucr\u00e9 et sa couleur ambr\u00e9e.<br \/>\nDes ar\u00f4mes l\u00e9g\u00e8rement \u00e9pic\u00e9s se m\u00ealent \u00e0 des notes de noix.<br \/>\nEn bouche les fruits confits se m\u00ealent \u00e0 gel\u00e9e de coings.<\/div>\n<p>Accords mets et vins: C&rsquo;est un vin extr\u00eamement versatile qui peut aussi bien accompagn\u00e9 un ap\u00e9ritif, un foie gras ou un digestif. Accord classique: bleu ou \u00a0dessert riche en chocolat.[\/vc_column_text][\/vc_column][\/vc_row]<\/p>\n<\/section>","protected":false},"excerpt":{"rendered":"<p>Le Ratafia de Champagne est traditionnellement produit en Champagne par les vignerons pour leur consommation.<br \/>\nIl est obtenu en assemblant du jus de raisin fra\u00eechement press\u00e9 (du mo\u00fbt) avec des marc de champagne.<br \/>\nDot\u00e9 d&rsquo;une \u00e9l\u00e9gante couleur ambr\u00e9e, ce vin doux est \u00e9quilibr\u00e9 et se caract\u00e9rise par ses fruits et sa min\u00e9ralit\u00e9.<br \/>\nIl se mariera agr\u00e9ablement \u00e0 un ap\u00e9ritif \u00abconnaisseur\u00bb et s\u2019accordera parfaitement avec un dessert.<br \/>\nSon go\u00fbt unique suscitera la curiosit\u00e9 et l&rsquo;int\u00e9r\u00eat des connaisseurs et des amateurs de vins liquoreux.<\/p>\n<p>&nbsp;<\/p>\n","protected":false},"featured_media":630,"comment_status":"closed","ping_status":"closed","template":"","meta":{"_acf_changed":false},"product_brand":[],"product_cat":[9],"product_tag":[],"class_list":{"0":"post-353","1":"product","2":"type-product","3":"status-publish","4":"has-post-thumbnail","6":"product_cat-champagnes","7":"product_shipping_class-bouteilles","9":"first","10":"instock","11":"taxable","12":"shipping-taxable","13":"purchasable","14":"product-type-variable","15":"has-default-attributes"},"acf":[],"yoast_head":"<!-- This site is optimized with the Yoast SEO plugin v25.3 - https:\/\/yoast.com\/wordpress\/plugins\/seo\/ -->\n<title>Ratafia de Champagne - FR Jean Boucton Champagne<\/title>\n<meta name=\"robots\" content=\"index, follow, max-snippet:-1, max-image-preview:large, max-video-preview:-1\" \/>\n<link rel=\"canonical\" href=\"https:\/\/www.jeanboucton.com\/fr\/boutique\/ratafia-de-champagne\/\" \/>\n<meta property=\"og:locale\" content=\"fr_FR\" \/>\n<meta property=\"og:type\" content=\"article\" \/>\n<meta property=\"og:title\" content=\"Ratafia de Champagne - FR Jean Boucton Champagne\" \/>\n<meta property=\"og:description\" content=\"Le Ratafia de Champagne est traditionnellement produit en Champagne par les vignerons pour leur consommation. Il est obtenu en assemblant du jus de raisin fra\u00eechement press\u00e9 (du mo\u00fbt) avec des marc de champagne. Dot\u00e9 d&#039;une \u00e9l\u00e9gante couleur ambr\u00e9e, ce vin doux est \u00e9quilibr\u00e9 et se caract\u00e9rise par ses fruits et sa min\u00e9ralit\u00e9. Il se mariera agr\u00e9ablement \u00e0 un ap\u00e9ritif \u00abconnaisseur\u00bb et s\u2019accordera parfaitement avec un dessert. Son go\u00fbt unique suscitera la curiosit\u00e9 et l&#039;int\u00e9r\u00eat des connaisseurs et des amateurs de vins liquoreux.  &nbsp;\" \/>\n<meta property=\"og:url\" content=\"https:\/\/www.jeanboucton.com\/fr\/boutique\/ratafia-de-champagne\/\" \/>\n<meta property=\"og:site_name\" content=\"FR Jean Boucton Champagne\" \/>\n<meta property=\"article:publisher\" content=\"https:\/\/www.facebook.com\/ChampagneJeanB\" \/>\n<meta property=\"article:modified_time\" content=\"2023-04-18T15:52:40+00:00\" \/>\n<meta property=\"og:image\" content=\"https:\/\/www.jeanboucton.com\/fr\/wp-content\/uploads\/sites\/4\/2017\/03\/Jean-Boucton-Ratafia-de-Champagne_modifi\u00e9-1-1024x683.png\" \/>\n\t<meta property=\"og:image:width\" content=\"1024\" \/>\n\t<meta property=\"og:image:height\" content=\"683\" \/>\n\t<meta property=\"og:image:type\" content=\"image\/png\" \/>\n<meta name=\"twitter:card\" content=\"summary_large_image\" \/>\n<meta name=\"twitter:site\" content=\"@ChampagneJeanB\" \/>\n<meta name=\"twitter:label1\" content=\"Dur\u00e9e de lecture estim\u00e9e\" \/>\n\t<meta name=\"twitter:data1\" content=\"1 minute\" \/>\n<script type=\"application\/ld+json\" class=\"yoast-schema-graph\">{\"@context\":\"https:\/\/schema.org\",\"@graph\":[{\"@type\":\"WebPage\",\"@id\":\"https:\/\/www.jeanboucton.com\/fr\/boutique\/ratafia-de-champagne\/\",\"url\":\"https:\/\/www.jeanboucton.com\/fr\/boutique\/ratafia-de-champagne\/\",\"name\":\"Ratafia de Champagne - FR Jean Boucton Champagne\",\"isPartOf\":{\"@id\":\"https:\/\/www.jeanboucton.com\/fr\/#website\"},\"primaryImageOfPage\":{\"@id\":\"https:\/\/www.jeanboucton.com\/fr\/boutique\/ratafia-de-champagne\/#primaryimage\"},\"image\":{\"@id\":\"https:\/\/www.jeanboucton.com\/fr\/boutique\/ratafia-de-champagne\/#primaryimage\"},\"thumbnailUrl\":\"https:\/\/www.jeanboucton.com\/fr\/wp-content\/uploads\/sites\/4\/2017\/03\/Jean-Boucton-Ratafia-de-Champagne_modifi\u00e9-1.png\",\"datePublished\":\"2017-03-03T15:00:05+00:00\",\"dateModified\":\"2023-04-18T15:52:40+00:00\",\"breadcrumb\":{\"@id\":\"https:\/\/www.jeanboucton.com\/fr\/boutique\/ratafia-de-champagne\/#breadcrumb\"},\"inLanguage\":\"fr-FR\",\"potentialAction\":[{\"@type\":\"ReadAction\",\"target\":[\"https:\/\/www.jeanboucton.com\/fr\/boutique\/ratafia-de-champagne\/\"]}]},{\"@type\":\"ImageObject\",\"inLanguage\":\"fr-FR\",\"@id\":\"https:\/\/www.jeanboucton.com\/fr\/boutique\/ratafia-de-champagne\/#primaryimage\",\"url\":\"https:\/\/www.jeanboucton.com\/fr\/wp-content\/uploads\/sites\/4\/2017\/03\/Jean-Boucton-Ratafia-de-Champagne_modifi\u00e9-1.png\",\"contentUrl\":\"https:\/\/www.jeanboucton.com\/fr\/wp-content\/uploads\/sites\/4\/2017\/03\/Jean-Boucton-Ratafia-de-Champagne_modifi\u00e9-1.png\",\"width\":1620,\"height\":1080},{\"@type\":\"BreadcrumbList\",\"@id\":\"https:\/\/www.jeanboucton.com\/fr\/boutique\/ratafia-de-champagne\/#breadcrumb\",\"itemListElement\":[{\"@type\":\"ListItem\",\"position\":1,\"name\":\"Home\",\"item\":\"https:\/\/www.jeanboucton.com\/fr\/\"},{\"@type\":\"ListItem\",\"position\":2,\"name\":\"Boutique\",\"item\":\"https:\/\/www.jeanboucton.com\/fr\/boutique-2\/\"},{\"@type\":\"ListItem\",\"position\":3,\"name\":\"Ratafia de Champagne\"}]},{\"@type\":\"WebSite\",\"@id\":\"https:\/\/www.jeanboucton.com\/fr\/#website\",\"url\":\"https:\/\/www.jeanboucton.com\/fr\/\",\"name\":\"Jean Boucton Champagne\",\"description\":\"Champagne\",\"publisher\":{\"@id\":\"https:\/\/www.jeanboucton.com\/fr\/#organization\"},\"potentialAction\":[{\"@type\":\"SearchAction\",\"target\":{\"@type\":\"EntryPoint\",\"urlTemplate\":\"https:\/\/www.jeanboucton.com\/fr\/?s={search_term_string}\"},\"query-input\":{\"@type\":\"PropertyValueSpecification\",\"valueRequired\":true,\"valueName\":\"search_term_string\"}}],\"inLanguage\":\"fr-FR\"},{\"@type\":\"Organization\",\"@id\":\"https:\/\/www.jeanboucton.com\/fr\/#organization\",\"name\":\"Jean Boucton Champagne\",\"url\":\"https:\/\/www.jeanboucton.com\/fr\/\",\"logo\":{\"@type\":\"ImageObject\",\"inLanguage\":\"fr-FR\",\"@id\":\"https:\/\/www.jeanboucton.com\/fr\/#\/schema\/logo\/image\/\",\"url\":\"https:\/\/www.jeanboucton.com\/fr\/wp-content\/uploads\/sites\/4\/2016\/11\/logo.png\",\"contentUrl\":\"https:\/\/www.jeanboucton.com\/fr\/wp-content\/uploads\/sites\/4\/2016\/11\/logo.png\",\"width\":785,\"height\":313,\"caption\":\"Jean Boucton Champagne\"},\"image\":{\"@id\":\"https:\/\/www.jeanboucton.com\/fr\/#\/schema\/logo\/image\/\"},\"sameAs\":[\"https:\/\/www.facebook.com\/ChampagneJeanB\",\"https:\/\/x.com\/ChampagneJeanB\",\"https:\/\/www.instagram.com\/jeanbouctonchampagne\/\"]}]}<\/script>\n<!-- \/ Yoast SEO plugin. -->","yoast_head_json":{"title":"Ratafia de Champagne - FR Jean Boucton Champagne","robots":{"index":"index","follow":"follow","max-snippet":"max-snippet:-1","max-image-preview":"max-image-preview:large","max-video-preview":"max-video-preview:-1"},"canonical":"https:\/\/www.jeanboucton.com\/fr\/boutique\/ratafia-de-champagne\/","og_locale":"fr_FR","og_type":"article","og_title":"Ratafia de Champagne - FR Jean Boucton Champagne","og_description":"Le Ratafia de Champagne est traditionnellement produit en Champagne par les vignerons pour leur consommation. Il est obtenu en assemblant du jus de raisin fra\u00eechement press\u00e9 (du mo\u00fbt) avec des marc de champagne. Dot\u00e9 d'une \u00e9l\u00e9gante couleur ambr\u00e9e, ce vin doux est \u00e9quilibr\u00e9 et se caract\u00e9rise par ses fruits et sa min\u00e9ralit\u00e9. Il se mariera agr\u00e9ablement \u00e0 un ap\u00e9ritif \u00abconnaisseur\u00bb et s\u2019accordera parfaitement avec un dessert. Son go\u00fbt unique suscitera la curiosit\u00e9 et l'int\u00e9r\u00eat des connaisseurs et des amateurs de vins liquoreux.  &nbsp;","og_url":"https:\/\/www.jeanboucton.com\/fr\/boutique\/ratafia-de-champagne\/","og_site_name":"FR Jean Boucton Champagne","article_publisher":"https:\/\/www.facebook.com\/ChampagneJeanB","article_modified_time":"2023-04-18T15:52:40+00:00","og_image":[{"width":1024,"height":683,"url":"https:\/\/www.jeanboucton.com\/fr\/wp-content\/uploads\/sites\/4\/2017\/03\/Jean-Boucton-Ratafia-de-Champagne_modifi\u00e9-1-1024x683.png","type":"image\/png"}],"twitter_card":"summary_large_image","twitter_site":"@ChampagneJeanB","twitter_misc":{"Dur\u00e9e de lecture estim\u00e9e":"1 minute"},"schema":{"@context":"https:\/\/schema.org","@graph":[{"@type":"WebPage","@id":"https:\/\/www.jeanboucton.com\/fr\/boutique\/ratafia-de-champagne\/","url":"https:\/\/www.jeanboucton.com\/fr\/boutique\/ratafia-de-champagne\/","name":"Ratafia de Champagne - FR Jean Boucton Champagne","isPartOf":{"@id":"https:\/\/www.jeanboucton.com\/fr\/#website"},"primaryImageOfPage":{"@id":"https:\/\/www.jeanboucton.com\/fr\/boutique\/ratafia-de-champagne\/#primaryimage"},"image":{"@id":"https:\/\/www.jeanboucton.com\/fr\/boutique\/ratafia-de-champagne\/#primaryimage"},"thumbnailUrl":"https:\/\/www.jeanboucton.com\/fr\/wp-content\/uploads\/sites\/4\/2017\/03\/Jean-Boucton-Ratafia-de-Champagne_modifi\u00e9-1.png","datePublished":"2017-03-03T15:00:05+00:00","dateModified":"2023-04-18T15:52:40+00:00","breadcrumb":{"@id":"https:\/\/www.jeanboucton.com\/fr\/boutique\/ratafia-de-champagne\/#breadcrumb"},"inLanguage":"fr-FR","potentialAction":[{"@type":"ReadAction","target":["https:\/\/www.jeanboucton.com\/fr\/boutique\/ratafia-de-champagne\/"]}]},{"@type":"ImageObject","inLanguage":"fr-FR","@id":"https:\/\/www.jeanboucton.com\/fr\/boutique\/ratafia-de-champagne\/#primaryimage","url":"https:\/\/www.jeanboucton.com\/fr\/wp-content\/uploads\/sites\/4\/2017\/03\/Jean-Boucton-Ratafia-de-Champagne_modifi\u00e9-1.png","contentUrl":"https:\/\/www.jeanboucton.com\/fr\/wp-content\/uploads\/sites\/4\/2017\/03\/Jean-Boucton-Ratafia-de-Champagne_modifi\u00e9-1.png","width":1620,"height":1080},{"@type":"BreadcrumbList","@id":"https:\/\/www.jeanboucton.com\/fr\/boutique\/ratafia-de-champagne\/#breadcrumb","itemListElement":[{"@type":"ListItem","position":1,"name":"Home","item":"https:\/\/www.jeanboucton.com\/fr\/"},{"@type":"ListItem","position":2,"name":"Boutique","item":"https:\/\/www.jeanboucton.com\/fr\/boutique-2\/"},{"@type":"ListItem","position":3,"name":"Ratafia de Champagne"}]},{"@type":"WebSite","@id":"https:\/\/www.jeanboucton.com\/fr\/#website","url":"https:\/\/www.jeanboucton.com\/fr\/","name":"Jean Boucton Champagne","description":"Champagne","publisher":{"@id":"https:\/\/www.jeanboucton.com\/fr\/#organization"},"potentialAction":[{"@type":"SearchAction","target":{"@type":"EntryPoint","urlTemplate":"https:\/\/www.jeanboucton.com\/fr\/?s={search_term_string}"},"query-input":{"@type":"PropertyValueSpecification","valueRequired":true,"valueName":"search_term_string"}}],"inLanguage":"fr-FR"},{"@type":"Organization","@id":"https:\/\/www.jeanboucton.com\/fr\/#organization","name":"Jean Boucton Champagne","url":"https:\/\/www.jeanboucton.com\/fr\/","logo":{"@type":"ImageObject","inLanguage":"fr-FR","@id":"https:\/\/www.jeanboucton.com\/fr\/#\/schema\/logo\/image\/","url":"https:\/\/www.jeanboucton.com\/fr\/wp-content\/uploads\/sites\/4\/2016\/11\/logo.png","contentUrl":"https:\/\/www.jeanboucton.com\/fr\/wp-content\/uploads\/sites\/4\/2016\/11\/logo.png","width":785,"height":313,"caption":"Jean Boucton Champagne"},"image":{"@id":"https:\/\/www.jeanboucton.com\/fr\/#\/schema\/logo\/image\/"},"sameAs":["https:\/\/www.facebook.com\/ChampagneJeanB","https:\/\/x.com\/ChampagneJeanB","https:\/\/www.instagram.com\/jeanbouctonchampagne\/"]}]}},"_links":{"self":[{"href":"https:\/\/www.jeanboucton.com\/fr\/wp-json\/wp\/v2\/product\/353","targetHints":{"allow":["GET"]}}],"collection":[{"href":"https:\/\/www.jeanboucton.com\/fr\/wp-json\/wp\/v2\/product"}],"about":[{"href":"https:\/\/www.jeanboucton.com\/fr\/wp-json\/wp\/v2\/types\/product"}],"replies":[{"embeddable":true,"href":"https:\/\/www.jeanboucton.com\/fr\/wp-json\/wp\/v2\/comments?post=353"}],"wp:featuredmedia":[{"embeddable":true,"href":"https:\/\/www.jeanboucton.com\/fr\/wp-json\/wp\/v2\/media\/630"}],"wp:attachment":[{"href":"https:\/\/www.jeanboucton.com\/fr\/wp-json\/wp\/v2\/media?parent=353"}],"wp:term":[{"taxonomy":"product_brand","embeddable":true,"href":"https:\/\/www.jeanboucton.com\/fr\/wp-json\/wp\/v2\/product_brand?post=353"},{"taxonomy":"product_cat","embeddable":true,"href":"https:\/\/www.jeanboucton.com\/fr\/wp-json\/wp\/v2\/product_cat?post=353"},{"taxonomy":"product_tag","embeddable":true,"href":"https:\/\/www.jeanboucton.com\/fr\/wp-json\/wp\/v2\/product_tag?post=353"}],"curies":[{"name":"wp","href":"https:\/\/api.w.org\/{rel}","templated":true}]}}