{"id":327,"date":"2017-03-03T15:44:11","date_gmt":"2017-03-03T14:44:11","guid":{"rendered":"https:\/\/www.jeanboucton.com\/fr\/?post_type=product&#038;p=327"},"modified":"2018-07-11T23:46:38","modified_gmt":"2018-07-11T21:46:38","slug":"champagne-la-fievre-creatrice-en-and-fr","status":"publish","type":"product","link":"https:\/\/www.jeanboucton.com\/fr\/boutique\/champagne-la-fievre-creatrice-en-and-fr\/","title":{"rendered":"Livre sur le Champagne"},"content":{"rendered":"<p style=\"text-align: justify;\">Les amateurs de champagne seront ravis de savoir que Franck Wolfert, publie un nouveau livre de table.<br \/>\nFranck est un Champenois respect\u00e9 pour ses connaissances de la Champagne et de ses vins.<br \/>\nSon nouveau livre, \u00abChampagne, la fi\u00e8vre cr\u00e9atrice\u00bb, offre un aper\u00e7u in\u00e9gal\u00e9 sur l&rsquo;\u00e9laboration et de la commercialisation des vins de champagne. Tout au long du livre, Franck s&rsquo;entretient avec les producteurs de diff\u00e9rentes maisons, dont Jean Boucton.<\/p>\n","protected":false},"excerpt":{"rendered":"<p>Les amateurs de champagne seront ravis de savoir que Franck Wolfert, publie un nouveau livre de table. Franck est un Champenois respect\u00e9 pour ses connaissances de la Champagne et de ses vins. Son nouveau livre, \u00abChampagne, la fi\u00e8vre cr\u00e9atrice\u00bb, offre un aper\u00e7u in\u00e9gal\u00e9 sur l&rsquo;\u00e9laboration et de la commercialisation des vins de champagne. Tout au [&hellip;]<\/p>\n","protected":false},"featured_media":621,"comment_status":"closed","ping_status":"closed","template":"","meta":{"_acf_changed":false},"product_brand":[],"product_cat":[10],"product_tag":[],"class_list":{"0":"post-327","1":"product","2":"type-product","3":"status-publish","4":"has-post-thumbnail","6":"product_cat-cadeaux","8":"first","9":"instock","10":"taxable","11":"shipping-taxable","12":"purchasable","13":"product-type-simple"},"acf":[],"yoast_head":"<!-- This site is optimized with the Yoast SEO plugin v25.3 - https:\/\/yoast.com\/wordpress\/plugins\/seo\/ -->\n<title>Livre sur le Champagne - FR Jean Boucton Champagne<\/title>\n<meta name=\"robots\" content=\"index, follow, max-snippet:-1, max-image-preview:large, max-video-preview:-1\" \/>\n<link rel=\"canonical\" href=\"https:\/\/www.jeanboucton.com\/fr\/boutique\/champagne-la-fievre-creatrice-en-and-fr\/\" \/>\n<meta property=\"og:locale\" content=\"fr_FR\" \/>\n<meta property=\"og:type\" content=\"article\" \/>\n<meta property=\"og:title\" content=\"Livre sur le Champagne - FR Jean Boucton Champagne\" \/>\n<meta property=\"og:description\" content=\"Les amateurs de champagne seront ravis de savoir que Franck Wolfert, publie un nouveau livre de table. Franck est un Champenois respect\u00e9 pour ses connaissances de la Champagne et de ses vins. Son nouveau livre, \u00abChampagne, la fi\u00e8vre cr\u00e9atrice\u00bb, offre un aper\u00e7u in\u00e9gal\u00e9 sur l&rsquo;\u00e9laboration et de la commercialisation des vins de champagne. Tout au [&hellip;]\" \/>\n<meta property=\"og:url\" content=\"https:\/\/www.jeanboucton.com\/fr\/boutique\/champagne-la-fievre-creatrice-en-and-fr\/\" \/>\n<meta property=\"og:site_name\" content=\"FR Jean Boucton Champagne\" \/>\n<meta property=\"article:publisher\" content=\"https:\/\/www.facebook.com\/ChampagneJeanB\" \/>\n<meta property=\"article:modified_time\" content=\"2018-07-11T21:46:38+00:00\" \/>\n<meta property=\"og:image\" content=\"https:\/\/www.jeanboucton.com\/fr\/wp-content\/uploads\/sites\/4\/2017\/03\/Champagne-la-fi\u00e8vre-cr\u00e9atrice-1024x683.png\" \/>\n\t<meta property=\"og:image:width\" content=\"1024\" \/>\n\t<meta property=\"og:image:height\" content=\"683\" \/>\n\t<meta property=\"og:image:type\" content=\"image\/png\" \/>\n<meta name=\"twitter:card\" content=\"summary_large_image\" \/>\n<meta name=\"twitter:site\" content=\"@ChampagneJeanB\" \/>\n<script type=\"application\/ld+json\" class=\"yoast-schema-graph\">{\"@context\":\"https:\/\/schema.org\",\"@graph\":[{\"@type\":\"WebPage\",\"@id\":\"https:\/\/www.jeanboucton.com\/fr\/boutique\/champagne-la-fievre-creatrice-en-and-fr\/\",\"url\":\"https:\/\/www.jeanboucton.com\/fr\/boutique\/champagne-la-fievre-creatrice-en-and-fr\/\",\"name\":\"Livre sur le Champagne - FR Jean Boucton Champagne\",\"isPartOf\":{\"@id\":\"https:\/\/www.jeanboucton.com\/fr\/#website\"},\"primaryImageOfPage\":{\"@id\":\"https:\/\/www.jeanboucton.com\/fr\/boutique\/champagne-la-fievre-creatrice-en-and-fr\/#primaryimage\"},\"image\":{\"@id\":\"https:\/\/www.jeanboucton.com\/fr\/boutique\/champagne-la-fievre-creatrice-en-and-fr\/#primaryimage\"},\"thumbnailUrl\":\"https:\/\/www.jeanboucton.com\/fr\/wp-content\/uploads\/sites\/4\/2017\/03\/Champagne-la-fi\u00e8vre-cr\u00e9atrice.png\",\"datePublished\":\"2017-03-03T14:44:11+00:00\",\"dateModified\":\"2018-07-11T21:46:38+00:00\",\"breadcrumb\":{\"@id\":\"https:\/\/www.jeanboucton.com\/fr\/boutique\/champagne-la-fievre-creatrice-en-and-fr\/#breadcrumb\"},\"inLanguage\":\"fr-FR\",\"potentialAction\":[{\"@type\":\"ReadAction\",\"target\":[\"https:\/\/www.jeanboucton.com\/fr\/boutique\/champagne-la-fievre-creatrice-en-and-fr\/\"]}]},{\"@type\":\"ImageObject\",\"inLanguage\":\"fr-FR\",\"@id\":\"https:\/\/www.jeanboucton.com\/fr\/boutique\/champagne-la-fievre-creatrice-en-and-fr\/#primaryimage\",\"url\":\"https:\/\/www.jeanboucton.com\/fr\/wp-content\/uploads\/sites\/4\/2017\/03\/Champagne-la-fi\u00e8vre-cr\u00e9atrice.png\",\"contentUrl\":\"https:\/\/www.jeanboucton.com\/fr\/wp-content\/uploads\/sites\/4\/2017\/03\/Champagne-la-fi\u00e8vre-cr\u00e9atrice.png\",\"width\":1620,\"height\":1080},{\"@type\":\"BreadcrumbList\",\"@id\":\"https:\/\/www.jeanboucton.com\/fr\/boutique\/champagne-la-fievre-creatrice-en-and-fr\/#breadcrumb\",\"itemListElement\":[{\"@type\":\"ListItem\",\"position\":1,\"name\":\"Home\",\"item\":\"https:\/\/www.jeanboucton.com\/fr\/\"},{\"@type\":\"ListItem\",\"position\":2,\"name\":\"Boutique\",\"item\":\"https:\/\/www.jeanboucton.com\/fr\/boutique-2\/\"},{\"@type\":\"ListItem\",\"position\":3,\"name\":\"Livre sur le Champagne\"}]},{\"@type\":\"WebSite\",\"@id\":\"https:\/\/www.jeanboucton.com\/fr\/#website\",\"url\":\"https:\/\/www.jeanboucton.com\/fr\/\",\"name\":\"Jean Boucton Champagne\",\"description\":\"Champagne\",\"publisher\":{\"@id\":\"https:\/\/www.jeanboucton.com\/fr\/#organization\"},\"potentialAction\":[{\"@type\":\"SearchAction\",\"target\":{\"@type\":\"EntryPoint\",\"urlTemplate\":\"https:\/\/www.jeanboucton.com\/fr\/?s={search_term_string}\"},\"query-input\":{\"@type\":\"PropertyValueSpecification\",\"valueRequired\":true,\"valueName\":\"search_term_string\"}}],\"inLanguage\":\"fr-FR\"},{\"@type\":\"Organization\",\"@id\":\"https:\/\/www.jeanboucton.com\/fr\/#organization\",\"name\":\"Jean Boucton Champagne\",\"url\":\"https:\/\/www.jeanboucton.com\/fr\/\",\"logo\":{\"@type\":\"ImageObject\",\"inLanguage\":\"fr-FR\",\"@id\":\"https:\/\/www.jeanboucton.com\/fr\/#\/schema\/logo\/image\/\",\"url\":\"https:\/\/www.jeanboucton.com\/fr\/wp-content\/uploads\/sites\/4\/2016\/11\/logo.png\",\"contentUrl\":\"https:\/\/www.jeanboucton.com\/fr\/wp-content\/uploads\/sites\/4\/2016\/11\/logo.png\",\"width\":785,\"height\":313,\"caption\":\"Jean Boucton Champagne\"},\"image\":{\"@id\":\"https:\/\/www.jeanboucton.com\/fr\/#\/schema\/logo\/image\/\"},\"sameAs\":[\"https:\/\/www.facebook.com\/ChampagneJeanB\",\"https:\/\/x.com\/ChampagneJeanB\",\"https:\/\/www.instagram.com\/jeanbouctonchampagne\/\"]}]}<\/script>\n<!-- \/ Yoast SEO plugin. -->","yoast_head_json":{"title":"Livre sur le Champagne - FR Jean Boucton Champagne","robots":{"index":"index","follow":"follow","max-snippet":"max-snippet:-1","max-image-preview":"max-image-preview:large","max-video-preview":"max-video-preview:-1"},"canonical":"https:\/\/www.jeanboucton.com\/fr\/boutique\/champagne-la-fievre-creatrice-en-and-fr\/","og_locale":"fr_FR","og_type":"article","og_title":"Livre sur le Champagne - FR Jean Boucton Champagne","og_description":"Les amateurs de champagne seront ravis de savoir que Franck Wolfert, publie un nouveau livre de table. Franck est un Champenois respect\u00e9 pour ses connaissances de la Champagne et de ses vins. Son nouveau livre, \u00abChampagne, la fi\u00e8vre cr\u00e9atrice\u00bb, offre un aper\u00e7u in\u00e9gal\u00e9 sur l&rsquo;\u00e9laboration et de la commercialisation des vins de champagne. Tout au [&hellip;]","og_url":"https:\/\/www.jeanboucton.com\/fr\/boutique\/champagne-la-fievre-creatrice-en-and-fr\/","og_site_name":"FR Jean Boucton Champagne","article_publisher":"https:\/\/www.facebook.com\/ChampagneJeanB","article_modified_time":"2018-07-11T21:46:38+00:00","og_image":[{"width":1024,"height":683,"url":"https:\/\/www.jeanboucton.com\/fr\/wp-content\/uploads\/sites\/4\/2017\/03\/Champagne-la-fi\u00e8vre-cr\u00e9atrice-1024x683.png","type":"image\/png"}],"twitter_card":"summary_large_image","twitter_site":"@ChampagneJeanB","schema":{"@context":"https:\/\/schema.org","@graph":[{"@type":"WebPage","@id":"https:\/\/www.jeanboucton.com\/fr\/boutique\/champagne-la-fievre-creatrice-en-and-fr\/","url":"https:\/\/www.jeanboucton.com\/fr\/boutique\/champagne-la-fievre-creatrice-en-and-fr\/","name":"Livre sur le Champagne - FR Jean Boucton Champagne","isPartOf":{"@id":"https:\/\/www.jeanboucton.com\/fr\/#website"},"primaryImageOfPage":{"@id":"https:\/\/www.jeanboucton.com\/fr\/boutique\/champagne-la-fievre-creatrice-en-and-fr\/#primaryimage"},"image":{"@id":"https:\/\/www.jeanboucton.com\/fr\/boutique\/champagne-la-fievre-creatrice-en-and-fr\/#primaryimage"},"thumbnailUrl":"https:\/\/www.jeanboucton.com\/fr\/wp-content\/uploads\/sites\/4\/2017\/03\/Champagne-la-fi\u00e8vre-cr\u00e9atrice.png","datePublished":"2017-03-03T14:44:11+00:00","dateModified":"2018-07-11T21:46:38+00:00","breadcrumb":{"@id":"https:\/\/www.jeanboucton.com\/fr\/boutique\/champagne-la-fievre-creatrice-en-and-fr\/#breadcrumb"},"inLanguage":"fr-FR","potentialAction":[{"@type":"ReadAction","target":["https:\/\/www.jeanboucton.com\/fr\/boutique\/champagne-la-fievre-creatrice-en-and-fr\/"]}]},{"@type":"ImageObject","inLanguage":"fr-FR","@id":"https:\/\/www.jeanboucton.com\/fr\/boutique\/champagne-la-fievre-creatrice-en-and-fr\/#primaryimage","url":"https:\/\/www.jeanboucton.com\/fr\/wp-content\/uploads\/sites\/4\/2017\/03\/Champagne-la-fi\u00e8vre-cr\u00e9atrice.png","contentUrl":"https:\/\/www.jeanboucton.com\/fr\/wp-content\/uploads\/sites\/4\/2017\/03\/Champagne-la-fi\u00e8vre-cr\u00e9atrice.png","width":1620,"height":1080},{"@type":"BreadcrumbList","@id":"https:\/\/www.jeanboucton.com\/fr\/boutique\/champagne-la-fievre-creatrice-en-and-fr\/#breadcrumb","itemListElement":[{"@type":"ListItem","position":1,"name":"Home","item":"https:\/\/www.jeanboucton.com\/fr\/"},{"@type":"ListItem","position":2,"name":"Boutique","item":"https:\/\/www.jeanboucton.com\/fr\/boutique-2\/"},{"@type":"ListItem","position":3,"name":"Livre sur le Champagne"}]},{"@type":"WebSite","@id":"https:\/\/www.jeanboucton.com\/fr\/#website","url":"https:\/\/www.jeanboucton.com\/fr\/","name":"Jean Boucton Champagne","description":"Champagne","publisher":{"@id":"https:\/\/www.jeanboucton.com\/fr\/#organization"},"potentialAction":[{"@type":"SearchAction","target":{"@type":"EntryPoint","urlTemplate":"https:\/\/www.jeanboucton.com\/fr\/?s={search_term_string}"},"query-input":{"@type":"PropertyValueSpecification","valueRequired":true,"valueName":"search_term_string"}}],"inLanguage":"fr-FR"},{"@type":"Organization","@id":"https:\/\/www.jeanboucton.com\/fr\/#organization","name":"Jean Boucton Champagne","url":"https:\/\/www.jeanboucton.com\/fr\/","logo":{"@type":"ImageObject","inLanguage":"fr-FR","@id":"https:\/\/www.jeanboucton.com\/fr\/#\/schema\/logo\/image\/","url":"https:\/\/www.jeanboucton.com\/fr\/wp-content\/uploads\/sites\/4\/2016\/11\/logo.png","contentUrl":"https:\/\/www.jeanboucton.com\/fr\/wp-content\/uploads\/sites\/4\/2016\/11\/logo.png","width":785,"height":313,"caption":"Jean Boucton Champagne"},"image":{"@id":"https:\/\/www.jeanboucton.com\/fr\/#\/schema\/logo\/image\/"},"sameAs":["https:\/\/www.facebook.com\/ChampagneJeanB","https:\/\/x.com\/ChampagneJeanB","https:\/\/www.instagram.com\/jeanbouctonchampagne\/"]}]}},"_links":{"self":[{"href":"https:\/\/www.jeanboucton.com\/fr\/wp-json\/wp\/v2\/product\/327","targetHints":{"allow":["GET"]}}],"collection":[{"href":"https:\/\/www.jeanboucton.com\/fr\/wp-json\/wp\/v2\/product"}],"about":[{"href":"https:\/\/www.jeanboucton.com\/fr\/wp-json\/wp\/v2\/types\/product"}],"replies":[{"embeddable":true,"href":"https:\/\/www.jeanboucton.com\/fr\/wp-json\/wp\/v2\/comments?post=327"}],"wp:featuredmedia":[{"embeddable":true,"href":"https:\/\/www.jeanboucton.com\/fr\/wp-json\/wp\/v2\/media\/621"}],"wp:attachment":[{"href":"https:\/\/www.jeanboucton.com\/fr\/wp-json\/wp\/v2\/media?parent=327"}],"wp:term":[{"taxonomy":"product_brand","embeddable":true,"href":"https:\/\/www.jeanboucton.com\/fr\/wp-json\/wp\/v2\/product_brand?post=327"},{"taxonomy":"product_cat","embeddable":true,"href":"https:\/\/www.jeanboucton.com\/fr\/wp-json\/wp\/v2\/product_cat?post=327"},{"taxonomy":"product_tag","embeddable":true,"href":"https:\/\/www.jeanboucton.com\/fr\/wp-json\/wp\/v2\/product_tag?post=327"}],"curies":[{"name":"wp","href":"https:\/\/api.w.org\/{rel}","templated":true}]}}