{"id":319,"date":"2017-03-03T16:09:19","date_gmt":"2017-03-03T15:09:19","guid":{"rendered":"https:\/\/www.jeanboucton.com\/fr\/?post_type=product&#038;p=319"},"modified":"2023-04-18T17:51:03","modified_gmt":"2023-04-18T15:51:03","slug":"premiere-cuvee","status":"publish","type":"product","link":"https:\/\/www.jeanboucton.com\/fr\/boutique\/premiere-cuvee\/","title":{"rendered":"Premi\u00e8re Cuv\u00e9e"},"content":{"rendered":"<p>Characteristiques<br \/>\nElegant and complex Champagne blended with Chardonnay, Pinot Noir and Meunier. The Chardonnay brings the freshness, the pinot brings the fruit and the backbone.<\/p>\n<p>Tasting<br \/>\n<span class=\"\">lemon with a hint of gold\u00a0<\/span><span class=\"\"><br class=\"\" \/>Nose: toasted notes welcome us with a freshness led by green and citrus fruits. Pear, menthol, pomelos are all coming out in beautiful harmony.<br \/>\n<\/span><span class=\"\">Mouth: the mouth is very fresh. It is a beautiful composition between peach, apricot and citrus that intensifies in the palate to create delicious gourmet flavours. The complexity of this wine lies in the fusion between two worlds, one evoking spontaneity and the other wisdom. The lemony finish is powerful.<br \/>\n<\/span><span class=\"\">This vintage has a nice balance between maturity and freshness.<\/span><\/p>\n","protected":false},"excerpt":{"rendered":"<p>Characteristiques Elegant and complex Champagne blended with Chardonnay, Pinot Noir and Meunier. The Chardonnay brings the freshness, the pinot brings the fruit and the backbone. Tasting lemon with a hint of gold\u00a0Nose: toasted notes welcome us with a freshness led by green and citrus fruits. Pear, menthol, pomelos are all coming out in beautiful harmony. [&hellip;]<\/p>\n","protected":false},"featured_media":629,"comment_status":"closed","ping_status":"closed","template":"","meta":{"_acf_changed":false},"product_brand":[],"product_cat":[9],"product_tag":[],"class_list":{"0":"post-319","1":"product","2":"type-product","3":"status-publish","4":"has-post-thumbnail","6":"product_cat-champagnes","7":"product_shipping_class-bouteilles","9":"first","10":"instock","11":"taxable","12":"shipping-taxable","13":"purchasable","14":"product-type-simple"},"acf":[],"yoast_head":"<!-- This site is optimized with the Yoast SEO plugin v25.3 - https:\/\/yoast.com\/wordpress\/plugins\/seo\/ -->\n<title>Premi\u00e8re Cuv\u00e9e - FR Jean Boucton Champagne<\/title>\n<meta name=\"robots\" content=\"index, follow, max-snippet:-1, max-image-preview:large, max-video-preview:-1\" \/>\n<link rel=\"canonical\" href=\"https:\/\/www.jeanboucton.com\/fr\/boutique\/premiere-cuvee\/\" \/>\n<meta property=\"og:locale\" content=\"fr_FR\" \/>\n<meta property=\"og:type\" content=\"article\" \/>\n<meta property=\"og:title\" content=\"Premi\u00e8re Cuv\u00e9e - FR Jean Boucton Champagne\" \/>\n<meta property=\"og:description\" content=\"Characteristiques Elegant and complex Champagne blended with Chardonnay, Pinot Noir and Meunier. The Chardonnay brings the freshness, the pinot brings the fruit and the backbone. Tasting lemon with a hint of gold\u00a0Nose: toasted notes welcome us with a freshness led by green and citrus fruits. Pear, menthol, pomelos are all coming out in beautiful harmony. [&hellip;]\" \/>\n<meta property=\"og:url\" content=\"https:\/\/www.jeanboucton.com\/fr\/boutique\/premiere-cuvee\/\" \/>\n<meta property=\"og:site_name\" content=\"FR Jean Boucton Champagne\" \/>\n<meta property=\"article:publisher\" content=\"https:\/\/www.facebook.com\/ChampagneJeanB\" \/>\n<meta property=\"article:modified_time\" content=\"2023-04-18T15:51:03+00:00\" \/>\n<meta property=\"og:image\" content=\"https:\/\/www.jeanboucton.com\/fr\/wp-content\/uploads\/sites\/4\/2017\/03\/Jean-Boucton-Premi\u00e8re-Cuv\u00e9e_modifi\u00e9-1-1024x683.png\" \/>\n\t<meta property=\"og:image:width\" content=\"1024\" \/>\n\t<meta property=\"og:image:height\" content=\"683\" \/>\n\t<meta property=\"og:image:type\" content=\"image\/png\" \/>\n<meta name=\"twitter:card\" content=\"summary_large_image\" \/>\n<meta name=\"twitter:site\" content=\"@ChampagneJeanB\" \/>\n<meta name=\"twitter:label1\" content=\"Dur\u00e9e de lecture estim\u00e9e\" \/>\n\t<meta name=\"twitter:data1\" content=\"1 minute\" \/>\n<script type=\"application\/ld+json\" class=\"yoast-schema-graph\">{\"@context\":\"https:\/\/schema.org\",\"@graph\":[{\"@type\":\"WebPage\",\"@id\":\"https:\/\/www.jeanboucton.com\/fr\/boutique\/premiere-cuvee\/\",\"url\":\"https:\/\/www.jeanboucton.com\/fr\/boutique\/premiere-cuvee\/\",\"name\":\"Premi\u00e8re Cuv\u00e9e - FR Jean Boucton Champagne\",\"isPartOf\":{\"@id\":\"https:\/\/www.jeanboucton.com\/fr\/#website\"},\"primaryImageOfPage\":{\"@id\":\"https:\/\/www.jeanboucton.com\/fr\/boutique\/premiere-cuvee\/#primaryimage\"},\"image\":{\"@id\":\"https:\/\/www.jeanboucton.com\/fr\/boutique\/premiere-cuvee\/#primaryimage\"},\"thumbnailUrl\":\"https:\/\/www.jeanboucton.com\/fr\/wp-content\/uploads\/sites\/4\/2017\/03\/Jean-Boucton-Premi\u00e8re-Cuv\u00e9e_modifi\u00e9-1.png\",\"datePublished\":\"2017-03-03T15:09:19+00:00\",\"dateModified\":\"2023-04-18T15:51:03+00:00\",\"breadcrumb\":{\"@id\":\"https:\/\/www.jeanboucton.com\/fr\/boutique\/premiere-cuvee\/#breadcrumb\"},\"inLanguage\":\"fr-FR\",\"potentialAction\":[{\"@type\":\"ReadAction\",\"target\":[\"https:\/\/www.jeanboucton.com\/fr\/boutique\/premiere-cuvee\/\"]}]},{\"@type\":\"ImageObject\",\"inLanguage\":\"fr-FR\",\"@id\":\"https:\/\/www.jeanboucton.com\/fr\/boutique\/premiere-cuvee\/#primaryimage\",\"url\":\"https:\/\/www.jeanboucton.com\/fr\/wp-content\/uploads\/sites\/4\/2017\/03\/Jean-Boucton-Premi\u00e8re-Cuv\u00e9e_modifi\u00e9-1.png\",\"contentUrl\":\"https:\/\/www.jeanboucton.com\/fr\/wp-content\/uploads\/sites\/4\/2017\/03\/Jean-Boucton-Premi\u00e8re-Cuv\u00e9e_modifi\u00e9-1.png\",\"width\":1620,\"height\":1080},{\"@type\":\"BreadcrumbList\",\"@id\":\"https:\/\/www.jeanboucton.com\/fr\/boutique\/premiere-cuvee\/#breadcrumb\",\"itemListElement\":[{\"@type\":\"ListItem\",\"position\":1,\"name\":\"Home\",\"item\":\"https:\/\/www.jeanboucton.com\/fr\/\"},{\"@type\":\"ListItem\",\"position\":2,\"name\":\"Boutique\",\"item\":\"https:\/\/www.jeanboucton.com\/fr\/boutique-2\/\"},{\"@type\":\"ListItem\",\"position\":3,\"name\":\"Premi\u00e8re Cuv\u00e9e\"}]},{\"@type\":\"WebSite\",\"@id\":\"https:\/\/www.jeanboucton.com\/fr\/#website\",\"url\":\"https:\/\/www.jeanboucton.com\/fr\/\",\"name\":\"Jean Boucton Champagne\",\"description\":\"Champagne\",\"publisher\":{\"@id\":\"https:\/\/www.jeanboucton.com\/fr\/#organization\"},\"potentialAction\":[{\"@type\":\"SearchAction\",\"target\":{\"@type\":\"EntryPoint\",\"urlTemplate\":\"https:\/\/www.jeanboucton.com\/fr\/?s={search_term_string}\"},\"query-input\":{\"@type\":\"PropertyValueSpecification\",\"valueRequired\":true,\"valueName\":\"search_term_string\"}}],\"inLanguage\":\"fr-FR\"},{\"@type\":\"Organization\",\"@id\":\"https:\/\/www.jeanboucton.com\/fr\/#organization\",\"name\":\"Jean Boucton Champagne\",\"url\":\"https:\/\/www.jeanboucton.com\/fr\/\",\"logo\":{\"@type\":\"ImageObject\",\"inLanguage\":\"fr-FR\",\"@id\":\"https:\/\/www.jeanboucton.com\/fr\/#\/schema\/logo\/image\/\",\"url\":\"https:\/\/www.jeanboucton.com\/fr\/wp-content\/uploads\/sites\/4\/2016\/11\/logo.png\",\"contentUrl\":\"https:\/\/www.jeanboucton.com\/fr\/wp-content\/uploads\/sites\/4\/2016\/11\/logo.png\",\"width\":785,\"height\":313,\"caption\":\"Jean Boucton Champagne\"},\"image\":{\"@id\":\"https:\/\/www.jeanboucton.com\/fr\/#\/schema\/logo\/image\/\"},\"sameAs\":[\"https:\/\/www.facebook.com\/ChampagneJeanB\",\"https:\/\/x.com\/ChampagneJeanB\",\"https:\/\/www.instagram.com\/jeanbouctonchampagne\/\"]}]}<\/script>\n<!-- \/ Yoast SEO plugin. -->","yoast_head_json":{"title":"Premi\u00e8re Cuv\u00e9e - FR Jean Boucton Champagne","robots":{"index":"index","follow":"follow","max-snippet":"max-snippet:-1","max-image-preview":"max-image-preview:large","max-video-preview":"max-video-preview:-1"},"canonical":"https:\/\/www.jeanboucton.com\/fr\/boutique\/premiere-cuvee\/","og_locale":"fr_FR","og_type":"article","og_title":"Premi\u00e8re Cuv\u00e9e - FR Jean Boucton Champagne","og_description":"Characteristiques Elegant and complex Champagne blended with Chardonnay, Pinot Noir and Meunier. The Chardonnay brings the freshness, the pinot brings the fruit and the backbone. Tasting lemon with a hint of gold\u00a0Nose: toasted notes welcome us with a freshness led by green and citrus fruits. Pear, menthol, pomelos are all coming out in beautiful harmony. [&hellip;]","og_url":"https:\/\/www.jeanboucton.com\/fr\/boutique\/premiere-cuvee\/","og_site_name":"FR Jean Boucton Champagne","article_publisher":"https:\/\/www.facebook.com\/ChampagneJeanB","article_modified_time":"2023-04-18T15:51:03+00:00","og_image":[{"width":1024,"height":683,"url":"https:\/\/www.jeanboucton.com\/fr\/wp-content\/uploads\/sites\/4\/2017\/03\/Jean-Boucton-Premi\u00e8re-Cuv\u00e9e_modifi\u00e9-1-1024x683.png","type":"image\/png"}],"twitter_card":"summary_large_image","twitter_site":"@ChampagneJeanB","twitter_misc":{"Dur\u00e9e de lecture estim\u00e9e":"1 minute"},"schema":{"@context":"https:\/\/schema.org","@graph":[{"@type":"WebPage","@id":"https:\/\/www.jeanboucton.com\/fr\/boutique\/premiere-cuvee\/","url":"https:\/\/www.jeanboucton.com\/fr\/boutique\/premiere-cuvee\/","name":"Premi\u00e8re Cuv\u00e9e - FR Jean Boucton Champagne","isPartOf":{"@id":"https:\/\/www.jeanboucton.com\/fr\/#website"},"primaryImageOfPage":{"@id":"https:\/\/www.jeanboucton.com\/fr\/boutique\/premiere-cuvee\/#primaryimage"},"image":{"@id":"https:\/\/www.jeanboucton.com\/fr\/boutique\/premiere-cuvee\/#primaryimage"},"thumbnailUrl":"https:\/\/www.jeanboucton.com\/fr\/wp-content\/uploads\/sites\/4\/2017\/03\/Jean-Boucton-Premi\u00e8re-Cuv\u00e9e_modifi\u00e9-1.png","datePublished":"2017-03-03T15:09:19+00:00","dateModified":"2023-04-18T15:51:03+00:00","breadcrumb":{"@id":"https:\/\/www.jeanboucton.com\/fr\/boutique\/premiere-cuvee\/#breadcrumb"},"inLanguage":"fr-FR","potentialAction":[{"@type":"ReadAction","target":["https:\/\/www.jeanboucton.com\/fr\/boutique\/premiere-cuvee\/"]}]},{"@type":"ImageObject","inLanguage":"fr-FR","@id":"https:\/\/www.jeanboucton.com\/fr\/boutique\/premiere-cuvee\/#primaryimage","url":"https:\/\/www.jeanboucton.com\/fr\/wp-content\/uploads\/sites\/4\/2017\/03\/Jean-Boucton-Premi\u00e8re-Cuv\u00e9e_modifi\u00e9-1.png","contentUrl":"https:\/\/www.jeanboucton.com\/fr\/wp-content\/uploads\/sites\/4\/2017\/03\/Jean-Boucton-Premi\u00e8re-Cuv\u00e9e_modifi\u00e9-1.png","width":1620,"height":1080},{"@type":"BreadcrumbList","@id":"https:\/\/www.jeanboucton.com\/fr\/boutique\/premiere-cuvee\/#breadcrumb","itemListElement":[{"@type":"ListItem","position":1,"name":"Home","item":"https:\/\/www.jeanboucton.com\/fr\/"},{"@type":"ListItem","position":2,"name":"Boutique","item":"https:\/\/www.jeanboucton.com\/fr\/boutique-2\/"},{"@type":"ListItem","position":3,"name":"Premi\u00e8re Cuv\u00e9e"}]},{"@type":"WebSite","@id":"https:\/\/www.jeanboucton.com\/fr\/#website","url":"https:\/\/www.jeanboucton.com\/fr\/","name":"Jean Boucton Champagne","description":"Champagne","publisher":{"@id":"https:\/\/www.jeanboucton.com\/fr\/#organization"},"potentialAction":[{"@type":"SearchAction","target":{"@type":"EntryPoint","urlTemplate":"https:\/\/www.jeanboucton.com\/fr\/?s={search_term_string}"},"query-input":{"@type":"PropertyValueSpecification","valueRequired":true,"valueName":"search_term_string"}}],"inLanguage":"fr-FR"},{"@type":"Organization","@id":"https:\/\/www.jeanboucton.com\/fr\/#organization","name":"Jean Boucton Champagne","url":"https:\/\/www.jeanboucton.com\/fr\/","logo":{"@type":"ImageObject","inLanguage":"fr-FR","@id":"https:\/\/www.jeanboucton.com\/fr\/#\/schema\/logo\/image\/","url":"https:\/\/www.jeanboucton.com\/fr\/wp-content\/uploads\/sites\/4\/2016\/11\/logo.png","contentUrl":"https:\/\/www.jeanboucton.com\/fr\/wp-content\/uploads\/sites\/4\/2016\/11\/logo.png","width":785,"height":313,"caption":"Jean Boucton Champagne"},"image":{"@id":"https:\/\/www.jeanboucton.com\/fr\/#\/schema\/logo\/image\/"},"sameAs":["https:\/\/www.facebook.com\/ChampagneJeanB","https:\/\/x.com\/ChampagneJeanB","https:\/\/www.instagram.com\/jeanbouctonchampagne\/"]}]}},"_links":{"self":[{"href":"https:\/\/www.jeanboucton.com\/fr\/wp-json\/wp\/v2\/product\/319","targetHints":{"allow":["GET"]}}],"collection":[{"href":"https:\/\/www.jeanboucton.com\/fr\/wp-json\/wp\/v2\/product"}],"about":[{"href":"https:\/\/www.jeanboucton.com\/fr\/wp-json\/wp\/v2\/types\/product"}],"replies":[{"embeddable":true,"href":"https:\/\/www.jeanboucton.com\/fr\/wp-json\/wp\/v2\/comments?post=319"}],"wp:featuredmedia":[{"embeddable":true,"href":"https:\/\/www.jeanboucton.com\/fr\/wp-json\/wp\/v2\/media\/629"}],"wp:attachment":[{"href":"https:\/\/www.jeanboucton.com\/fr\/wp-json\/wp\/v2\/media?parent=319"}],"wp:term":[{"taxonomy":"product_brand","embeddable":true,"href":"https:\/\/www.jeanboucton.com\/fr\/wp-json\/wp\/v2\/product_brand?post=319"},{"taxonomy":"product_cat","embeddable":true,"href":"https:\/\/www.jeanboucton.com\/fr\/wp-json\/wp\/v2\/product_cat?post=319"},{"taxonomy":"product_tag","embeddable":true,"href":"https:\/\/www.jeanboucton.com\/fr\/wp-json\/wp\/v2\/product_tag?post=319"}],"curies":[{"name":"wp","href":"https:\/\/api.w.org\/{rel}","templated":true}]}}