{"id":140,"date":"2016-11-15T14:23:56","date_gmt":"2016-11-15T13:23:56","guid":{"rendered":"https:\/\/www.jeanboucton.com\/fr\/?post_type=product&#038;p=140"},"modified":"2023-04-18T17:54:06","modified_gmt":"2023-04-18T15:54:06","slug":"rose","status":"publish","type":"product","link":"https:\/\/www.jeanboucton.com\/fr\/boutique\/rose\/","title":{"rendered":"R\u00e9serve Ros\u00e9"},"content":{"rendered":"<section class=\"wpb-content-wrapper\"><p>[vc_row][vc_column][vc_column_text]Characteristiques<br \/>\nThis pink and fruity Champagne is blended with Pinot Noir, Meunier and Chardonnay grapes harvested in 2015.<br \/>\nOur Rose champagne is aged for a minimum of 4 to 5 years before we offer it to our customers.<\/p>\n<p>Tasting<br \/>\nLight pink colour with Salmon notes.<br \/>\nOpening notes are going straight towards a mix of red fruits: strawberry, cherry and currant.<br \/>\nA light hazel note brings a nice touch. Animals and spicy nuances comes out in a second nose. These notes then blend with exotic pineapple and lime aromas from the chardonnay.<br \/>\nWell balanced mouth where freshness and maturity work in harmony with each other.<br \/>\nThe strawberry brings candy notes and the cherry adds the liquorish synonymous of nice evolution.<br \/>\nThe after taste of this Champagne is tasty and its maturity gives it a nice personality.[\/vc_column_text][\/vc_column][\/vc_row]<\/p>\n<\/section>","protected":false},"excerpt":{"rendered":"<p>[vc_row][vc_column][vc_column_text]Characteristiques This pink and fruity Champagne is blended with Pinot Noir, Meunier and Chardonnay grapes harvested in 2015. Our Rose champagne is aged for a minimum of 4 to 5 years before we offer it to our customers. Tasting Light pink colour with Salmon notes. Opening notes are going straight towards a mix of red [&hellip;]<\/p>\n","protected":false},"featured_media":631,"comment_status":"open","ping_status":"closed","template":"","meta":{"_acf_changed":false},"product_brand":[],"product_cat":[9],"product_tag":[],"class_list":{"0":"post-140","1":"product","2":"type-product","3":"status-publish","4":"has-post-thumbnail","6":"product_cat-champagnes","7":"product_shipping_class-bouteilles","9":"first","10":"instock","11":"taxable","12":"shipping-taxable","13":"purchasable","14":"product-type-simple"},"acf":[],"yoast_head":"<!-- This site is optimized with the Yoast SEO plugin v25.3 - https:\/\/yoast.com\/wordpress\/plugins\/seo\/ -->\n<title>R\u00e9serve Ros\u00e9 - FR Jean Boucton Champagne<\/title>\n<meta name=\"robots\" content=\"index, follow, max-snippet:-1, max-image-preview:large, max-video-preview:-1\" \/>\n<link rel=\"canonical\" href=\"https:\/\/www.jeanboucton.com\/fr\/boutique\/rose\/\" \/>\n<meta property=\"og:locale\" content=\"fr_FR\" \/>\n<meta property=\"og:type\" content=\"article\" \/>\n<meta property=\"og:title\" content=\"R\u00e9serve Ros\u00e9 - FR Jean Boucton Champagne\" \/>\n<meta property=\"og:description\" content=\"[vc_row][vc_column][vc_column_text]Characteristiques This pink and fruity Champagne is blended with Pinot Noir, Meunier and Chardonnay grapes harvested in 2015. Our Rose champagne is aged for a minimum of 4 to 5 years before we offer it to our customers. Tasting Light pink colour with Salmon notes. Opening notes are going straight towards a mix of red [&hellip;]\" \/>\n<meta property=\"og:url\" content=\"https:\/\/www.jeanboucton.com\/fr\/boutique\/rose\/\" \/>\n<meta property=\"og:site_name\" content=\"FR Jean Boucton Champagne\" \/>\n<meta property=\"article:publisher\" content=\"https:\/\/www.facebook.com\/ChampagneJeanB\" \/>\n<meta property=\"article:modified_time\" content=\"2023-04-18T15:54:06+00:00\" \/>\n<meta property=\"og:image\" content=\"https:\/\/www.jeanboucton.com\/fr\/wp-content\/uploads\/sites\/4\/2016\/11\/Jean-Boucton-R\u00e9serve-Ros\u00e9_modifi\u00e9-1.png\" \/>\n\t<meta property=\"og:image:width\" content=\"1620\" \/>\n\t<meta property=\"og:image:height\" content=\"1080\" \/>\n\t<meta property=\"og:image:type\" content=\"image\/png\" \/>\n<meta name=\"twitter:card\" content=\"summary_large_image\" \/>\n<meta name=\"twitter:site\" content=\"@ChampagneJeanB\" \/>\n<meta name=\"twitter:label1\" content=\"Dur\u00e9e de lecture estim\u00e9e\" \/>\n\t<meta name=\"twitter:data1\" content=\"1 minute\" \/>\n<script type=\"application\/ld+json\" class=\"yoast-schema-graph\">{\"@context\":\"https:\/\/schema.org\",\"@graph\":[{\"@type\":\"WebPage\",\"@id\":\"https:\/\/www.jeanboucton.com\/fr\/boutique\/rose\/\",\"url\":\"https:\/\/www.jeanboucton.com\/fr\/boutique\/rose\/\",\"name\":\"R\u00e9serve Ros\u00e9 - FR Jean Boucton Champagne\",\"isPartOf\":{\"@id\":\"https:\/\/www.jeanboucton.com\/fr\/#website\"},\"primaryImageOfPage\":{\"@id\":\"https:\/\/www.jeanboucton.com\/fr\/boutique\/rose\/#primaryimage\"},\"image\":{\"@id\":\"https:\/\/www.jeanboucton.com\/fr\/boutique\/rose\/#primaryimage\"},\"thumbnailUrl\":\"https:\/\/www.jeanboucton.com\/fr\/wp-content\/uploads\/sites\/4\/2016\/11\/Jean-Boucton-R\u00e9serve-Ros\u00e9_modifi\u00e9-1.png\",\"datePublished\":\"2016-11-15T13:23:56+00:00\",\"dateModified\":\"2023-04-18T15:54:06+00:00\",\"breadcrumb\":{\"@id\":\"https:\/\/www.jeanboucton.com\/fr\/boutique\/rose\/#breadcrumb\"},\"inLanguage\":\"fr-FR\",\"potentialAction\":[{\"@type\":\"ReadAction\",\"target\":[\"https:\/\/www.jeanboucton.com\/fr\/boutique\/rose\/\"]}]},{\"@type\":\"ImageObject\",\"inLanguage\":\"fr-FR\",\"@id\":\"https:\/\/www.jeanboucton.com\/fr\/boutique\/rose\/#primaryimage\",\"url\":\"https:\/\/www.jeanboucton.com\/fr\/wp-content\/uploads\/sites\/4\/2016\/11\/Jean-Boucton-R\u00e9serve-Ros\u00e9_modifi\u00e9-1.png\",\"contentUrl\":\"https:\/\/www.jeanboucton.com\/fr\/wp-content\/uploads\/sites\/4\/2016\/11\/Jean-Boucton-R\u00e9serve-Ros\u00e9_modifi\u00e9-1.png\",\"width\":1620,\"height\":1080},{\"@type\":\"BreadcrumbList\",\"@id\":\"https:\/\/www.jeanboucton.com\/fr\/boutique\/rose\/#breadcrumb\",\"itemListElement\":[{\"@type\":\"ListItem\",\"position\":1,\"name\":\"Home\",\"item\":\"https:\/\/www.jeanboucton.com\/fr\/\"},{\"@type\":\"ListItem\",\"position\":2,\"name\":\"Boutique\",\"item\":\"https:\/\/www.jeanboucton.com\/fr\/boutique-2\/\"},{\"@type\":\"ListItem\",\"position\":3,\"name\":\"R\u00e9serve Ros\u00e9\"}]},{\"@type\":\"WebSite\",\"@id\":\"https:\/\/www.jeanboucton.com\/fr\/#website\",\"url\":\"https:\/\/www.jeanboucton.com\/fr\/\",\"name\":\"Jean Boucton Champagne\",\"description\":\"Champagne\",\"publisher\":{\"@id\":\"https:\/\/www.jeanboucton.com\/fr\/#organization\"},\"potentialAction\":[{\"@type\":\"SearchAction\",\"target\":{\"@type\":\"EntryPoint\",\"urlTemplate\":\"https:\/\/www.jeanboucton.com\/fr\/?s={search_term_string}\"},\"query-input\":{\"@type\":\"PropertyValueSpecification\",\"valueRequired\":true,\"valueName\":\"search_term_string\"}}],\"inLanguage\":\"fr-FR\"},{\"@type\":\"Organization\",\"@id\":\"https:\/\/www.jeanboucton.com\/fr\/#organization\",\"name\":\"Jean Boucton Champagne\",\"url\":\"https:\/\/www.jeanboucton.com\/fr\/\",\"logo\":{\"@type\":\"ImageObject\",\"inLanguage\":\"fr-FR\",\"@id\":\"https:\/\/www.jeanboucton.com\/fr\/#\/schema\/logo\/image\/\",\"url\":\"https:\/\/www.jeanboucton.com\/fr\/wp-content\/uploads\/sites\/4\/2016\/11\/logo.png\",\"contentUrl\":\"https:\/\/www.jeanboucton.com\/fr\/wp-content\/uploads\/sites\/4\/2016\/11\/logo.png\",\"width\":785,\"height\":313,\"caption\":\"Jean Boucton Champagne\"},\"image\":{\"@id\":\"https:\/\/www.jeanboucton.com\/fr\/#\/schema\/logo\/image\/\"},\"sameAs\":[\"https:\/\/www.facebook.com\/ChampagneJeanB\",\"https:\/\/x.com\/ChampagneJeanB\",\"https:\/\/www.instagram.com\/jeanbouctonchampagne\/\"]}]}<\/script>\n<!-- \/ Yoast SEO plugin. -->","yoast_head_json":{"title":"R\u00e9serve Ros\u00e9 - FR Jean Boucton Champagne","robots":{"index":"index","follow":"follow","max-snippet":"max-snippet:-1","max-image-preview":"max-image-preview:large","max-video-preview":"max-video-preview:-1"},"canonical":"https:\/\/www.jeanboucton.com\/fr\/boutique\/rose\/","og_locale":"fr_FR","og_type":"article","og_title":"R\u00e9serve Ros\u00e9 - FR Jean Boucton Champagne","og_description":"[vc_row][vc_column][vc_column_text]Characteristiques This pink and fruity Champagne is blended with Pinot Noir, Meunier and Chardonnay grapes harvested in 2015. Our Rose champagne is aged for a minimum of 4 to 5 years before we offer it to our customers. Tasting Light pink colour with Salmon notes. Opening notes are going straight towards a mix of red [&hellip;]","og_url":"https:\/\/www.jeanboucton.com\/fr\/boutique\/rose\/","og_site_name":"FR Jean Boucton Champagne","article_publisher":"https:\/\/www.facebook.com\/ChampagneJeanB","article_modified_time":"2023-04-18T15:54:06+00:00","og_image":[{"width":1620,"height":1080,"url":"https:\/\/www.jeanboucton.com\/fr\/wp-content\/uploads\/sites\/4\/2016\/11\/Jean-Boucton-R\u00e9serve-Ros\u00e9_modifi\u00e9-1.png","type":"image\/png"}],"twitter_card":"summary_large_image","twitter_site":"@ChampagneJeanB","twitter_misc":{"Dur\u00e9e de lecture estim\u00e9e":"1 minute"},"schema":{"@context":"https:\/\/schema.org","@graph":[{"@type":"WebPage","@id":"https:\/\/www.jeanboucton.com\/fr\/boutique\/rose\/","url":"https:\/\/www.jeanboucton.com\/fr\/boutique\/rose\/","name":"R\u00e9serve Ros\u00e9 - FR Jean Boucton Champagne","isPartOf":{"@id":"https:\/\/www.jeanboucton.com\/fr\/#website"},"primaryImageOfPage":{"@id":"https:\/\/www.jeanboucton.com\/fr\/boutique\/rose\/#primaryimage"},"image":{"@id":"https:\/\/www.jeanboucton.com\/fr\/boutique\/rose\/#primaryimage"},"thumbnailUrl":"https:\/\/www.jeanboucton.com\/fr\/wp-content\/uploads\/sites\/4\/2016\/11\/Jean-Boucton-R\u00e9serve-Ros\u00e9_modifi\u00e9-1.png","datePublished":"2016-11-15T13:23:56+00:00","dateModified":"2023-04-18T15:54:06+00:00","breadcrumb":{"@id":"https:\/\/www.jeanboucton.com\/fr\/boutique\/rose\/#breadcrumb"},"inLanguage":"fr-FR","potentialAction":[{"@type":"ReadAction","target":["https:\/\/www.jeanboucton.com\/fr\/boutique\/rose\/"]}]},{"@type":"ImageObject","inLanguage":"fr-FR","@id":"https:\/\/www.jeanboucton.com\/fr\/boutique\/rose\/#primaryimage","url":"https:\/\/www.jeanboucton.com\/fr\/wp-content\/uploads\/sites\/4\/2016\/11\/Jean-Boucton-R\u00e9serve-Ros\u00e9_modifi\u00e9-1.png","contentUrl":"https:\/\/www.jeanboucton.com\/fr\/wp-content\/uploads\/sites\/4\/2016\/11\/Jean-Boucton-R\u00e9serve-Ros\u00e9_modifi\u00e9-1.png","width":1620,"height":1080},{"@type":"BreadcrumbList","@id":"https:\/\/www.jeanboucton.com\/fr\/boutique\/rose\/#breadcrumb","itemListElement":[{"@type":"ListItem","position":1,"name":"Home","item":"https:\/\/www.jeanboucton.com\/fr\/"},{"@type":"ListItem","position":2,"name":"Boutique","item":"https:\/\/www.jeanboucton.com\/fr\/boutique-2\/"},{"@type":"ListItem","position":3,"name":"R\u00e9serve Ros\u00e9"}]},{"@type":"WebSite","@id":"https:\/\/www.jeanboucton.com\/fr\/#website","url":"https:\/\/www.jeanboucton.com\/fr\/","name":"Jean Boucton Champagne","description":"Champagne","publisher":{"@id":"https:\/\/www.jeanboucton.com\/fr\/#organization"},"potentialAction":[{"@type":"SearchAction","target":{"@type":"EntryPoint","urlTemplate":"https:\/\/www.jeanboucton.com\/fr\/?s={search_term_string}"},"query-input":{"@type":"PropertyValueSpecification","valueRequired":true,"valueName":"search_term_string"}}],"inLanguage":"fr-FR"},{"@type":"Organization","@id":"https:\/\/www.jeanboucton.com\/fr\/#organization","name":"Jean Boucton Champagne","url":"https:\/\/www.jeanboucton.com\/fr\/","logo":{"@type":"ImageObject","inLanguage":"fr-FR","@id":"https:\/\/www.jeanboucton.com\/fr\/#\/schema\/logo\/image\/","url":"https:\/\/www.jeanboucton.com\/fr\/wp-content\/uploads\/sites\/4\/2016\/11\/logo.png","contentUrl":"https:\/\/www.jeanboucton.com\/fr\/wp-content\/uploads\/sites\/4\/2016\/11\/logo.png","width":785,"height":313,"caption":"Jean Boucton Champagne"},"image":{"@id":"https:\/\/www.jeanboucton.com\/fr\/#\/schema\/logo\/image\/"},"sameAs":["https:\/\/www.facebook.com\/ChampagneJeanB","https:\/\/x.com\/ChampagneJeanB","https:\/\/www.instagram.com\/jeanbouctonchampagne\/"]}]}},"_links":{"self":[{"href":"https:\/\/www.jeanboucton.com\/fr\/wp-json\/wp\/v2\/product\/140","targetHints":{"allow":["GET"]}}],"collection":[{"href":"https:\/\/www.jeanboucton.com\/fr\/wp-json\/wp\/v2\/product"}],"about":[{"href":"https:\/\/www.jeanboucton.com\/fr\/wp-json\/wp\/v2\/types\/product"}],"replies":[{"embeddable":true,"href":"https:\/\/www.jeanboucton.com\/fr\/wp-json\/wp\/v2\/comments?post=140"}],"wp:featuredmedia":[{"embeddable":true,"href":"https:\/\/www.jeanboucton.com\/fr\/wp-json\/wp\/v2\/media\/631"}],"wp:attachment":[{"href":"https:\/\/www.jeanboucton.com\/fr\/wp-json\/wp\/v2\/media?parent=140"}],"wp:term":[{"taxonomy":"product_brand","embeddable":true,"href":"https:\/\/www.jeanboucton.com\/fr\/wp-json\/wp\/v2\/product_brand?post=140"},{"taxonomy":"product_cat","embeddable":true,"href":"https:\/\/www.jeanboucton.com\/fr\/wp-json\/wp\/v2\/product_cat?post=140"},{"taxonomy":"product_tag","embeddable":true,"href":"https:\/\/www.jeanboucton.com\/fr\/wp-json\/wp\/v2\/product_tag?post=140"}],"curies":[{"name":"wp","href":"https:\/\/api.w.org\/{rel}","templated":true}]}}